{"id":14170,"date":"2022-12-25T20:02:17","date_gmt":"2022-12-25T19:02:17","guid":{"rendered":"https:\/\/yachtandsunset.com\/?page_id=14170"},"modified":"2023-03-07T22:47:21","modified_gmt":"2023-03-07T21:47:21","slug":"menu-sushi","status":"publish","type":"page","link":"https:\/\/yachtandsunset.com\/en\/menu-sushi\/","title":{"rendered":"Sushi menu"},"content":{"rendered":"<div data-elementor-type=\"wp-post\" data-elementor-id=\"14170\" class=\"elementor elementor-14170\" data-elementor-post-type=\"page\">\n\t\t\t\t\t\t<section class=\"elementor-section elementor-top-section elementor-element elementor-element-bcec401 elementor-section-stretched elementor-section-height-min-height elementor-section-boxed elementor-section-height-default elementor-section-items-middle exad-glass-effect-no exad-sticky-section-no\" data-id=\"bcec401\" data-element_type=\"section\" data-e-type=\"section\" id=\"home\" data-settings=\"{&quot;stretch_section&quot;:&quot;section-stretched&quot;,&quot;background_background&quot;:&quot;video&quot;,&quot;background_video_link&quot;:&quot;https:\\\/\\\/www.youtube.com\\\/watch?v=nciT037l4JA&quot;,&quot;shape_divider_bottom_negative&quot;:&quot;yes&quot;,&quot;shape_divider_bottom&quot;:&quot;waves&quot;,&quot;background_play_on_mobile&quot;:&quot;yes&quot;}\">\n\t\t\t\t\t\t\t\t<div class=\"elementor-background-video-container\">\n\t\t\t\t\t\t\t\t\t\t\t\t\t<div class=\"elementor-background-video-embed\" role=\"presentation\"><\/div>\n\t\t\t\t\t\t\t\t\t\t\t\t<\/div>\n\t\t\t\t\t\t\t<div class=\"elementor-shape elementor-shape-bottom\" aria-hidden=\"true\" data-negative=\"true\">\n\t\t\t<svg xmlns=\"http:\/\/www.w3.org\/2000\/svg\" viewbox=\"0 0 1000 100\" preserveaspectratio=\"none\">\n\t<path class=\"elementor-shape-fill\" d=\"M790.5,93.1c-59.3-5.3-116.8-18-192.6-50c-29.6-12.7-76.9-31-100.5-35.9c-23.6-4.9-52.6-7.8-75.5-5.3\tc-10.2,1.1-22.6,1.4-50.1,7.4c-27.2,6.3-58.2,16.6-79.4,24.7c-41.3,15.9-94.9,21.9-134,22.6C72,58.2,0,25.8,0,25.8V100h1000V65.3\tc0,0-51.5,19.4-106.2,25.7C839.5,97,814.1,95.2,790.5,93.1z\"\/>\n<\/svg>\t\t<\/div>\n\t\t\t\t\t<div class=\"elementor-container elementor-column-gap-default\">\n\t\t\t\t\t<div class=\"elementor-column elementor-col-100 elementor-top-column elementor-element elementor-element-52a7eaf exad-glass-effect-no exad-sticky-section-no\" data-id=\"52a7eaf\" data-element_type=\"column\" data-e-type=\"column\">\n\t\t\t<div class=\"elementor-widget-wrap elementor-element-populated\">\n\t\t\t\t\t\t<div class=\"elementor-element elementor-element-7fe6b47 exad-sticky-section-no exad-glass-effect-no elementor-widget elementor-widget-heading\" data-id=\"7fe6b47\" data-element_type=\"widget\" data-e-type=\"widget\" data-widget_type=\"heading.default\">\n\t\t\t\t<div class=\"elementor-widget-container\">\n\t\t\t\t\t<h2 class=\"elementor-heading-title elementor-size-default\">MENU 2 - SUSHI at 35 euros<\/h2>\t\t\t\t<\/div>\n\t\t\t\t<\/div>\n\t\t\t\t<div class=\"elementor-element elementor-element-50a0f80 elementor-align-center exad-sticky-section-no exad-glass-effect-no elementor-widget elementor-widget-button\" data-id=\"50a0f80\" data-element_type=\"widget\" data-e-type=\"widget\" data-widget_type=\"button.default\">\n\t\t\t\t<div class=\"elementor-widget-container\">\n\t\t\t\t\t\t\t\t\t<div class=\"elementor-button-wrapper\">\n\t\t\t\t\t<a class=\"elementor-button elementor-button-link elementor-size-md\" href=\"https:\/\/yachtandsunset.com\/en\/reservation\/\">\n\t\t\t\t\t\t<span class=\"elementor-button-content-wrapper\">\n\t\t\t\t\t\t\t\t\t<span class=\"elementor-button-text\">Book now  <\/span>\n\t\t\t\t\t<\/span>\n\t\t\t\t\t<\/a>\n\t\t\t\t<\/div>\n\t\t\t\t\t\t\t\t<\/div>\n\t\t\t\t<\/div>\n\t\t\t\t\t<\/div>\n\t\t<\/div>\n\t\t\t\t\t<\/div>\n\t\t<\/section>\n\t\t\t\t<section class=\"elementor-section elementor-top-section elementor-element elementor-element-c8cfd11 elementor-section-boxed elementor-section-height-default elementor-section-height-default exad-glass-effect-no exad-sticky-section-no\" data-id=\"c8cfd11\" data-element_type=\"section\" data-e-type=\"section\">\n\t\t\t\t\t\t<div class=\"elementor-container elementor-column-gap-default\">\n\t\t\t\t\t<div class=\"elementor-column elementor-col-100 elementor-top-column elementor-element elementor-element-39a09f7 exad-glass-effect-no exad-sticky-section-no\" data-id=\"39a09f7\" data-element_type=\"column\" data-e-type=\"column\">\n\t\t\t<div class=\"elementor-widget-wrap elementor-element-populated\">\n\t\t\t\t\t\t<div class=\"elementor-element elementor-element-00cbf66 exad-sticky-section-no exad-glass-effect-no elementor-invisible elementor-widget elementor-widget-heading\" data-id=\"00cbf66\" data-element_type=\"widget\" data-e-type=\"widget\" data-settings=\"{&quot;_animation&quot;:&quot;fadeInLeft&quot;}\" data-widget_type=\"heading.default\">\n\t\t\t\t<div class=\"elementor-widget-container\">\n\t\t\t\t\t<h2 class=\"elementor-heading-title elementor-size-default\">Discover our sushi menu<\/h2>\t\t\t\t<\/div>\n\t\t\t\t<\/div>\n\t\t\t\t<div class=\"elementor-element elementor-element-d1e716d exad-sticky-section-no exad-glass-effect-no elementor-widget elementor-widget-text-editor\" data-id=\"d1e716d\" data-element_type=\"widget\" data-e-type=\"widget\" data-widget_type=\"text-editor.default\">\n\t\t\t\t<div class=\"elementor-widget-container\">\n\t\t\t\t\t\t\t\t\t<p style=\"text-align: center;\">Service included - 48 hours' notice menu available on all boats.<\/p>\t\t\t\t\t\t\t\t<\/div>\n\t\t\t\t<\/div>\n\t\t\t\t<div class=\"elementor-element elementor-element-036a905 exad-sticky-section-no exad-glass-effect-no elementor-invisible elementor-widget elementor-widget-heading\" data-id=\"036a905\" data-element_type=\"widget\" data-e-type=\"widget\" data-settings=\"{&quot;_animation&quot;:&quot;fadeInLeft&quot;}\" data-widget_type=\"heading.default\">\n\t\t\t\t<div class=\"elementor-widget-container\">\n\t\t\t\t\t<h2 class=\"elementor-heading-title elementor-size-default\">Assortment of 15 pieces per person \n<\/h2>\t\t\t\t<\/div>\n\t\t\t\t<\/div>\n\t\t\t\t<div class=\"elementor-element elementor-element-df93468 exad-sticky-section-no exad-glass-effect-no elementor-widget elementor-widget-text-editor\" data-id=\"df93468\" data-element_type=\"widget\" data-e-type=\"widget\" data-widget_type=\"text-editor.default\">\n\t\t\t\t<div class=\"elementor-widget-container\">\n\t\t\t\t\t\t\t\t\t<p style=\"text-align: center;\">Included in the menu, white or ros\u00e9 wine (one bottle for 4 people), coffee<\/p>\t\t\t\t\t\t\t\t<\/div>\n\t\t\t\t<\/div>\n\t\t\t\t<div class=\"elementor-element elementor-element-be0b111 exad-sticky-section-no exad-glass-effect-no elementor-invisible elementor-widget elementor-widget-heading\" data-id=\"be0b111\" data-element_type=\"widget\" data-e-type=\"widget\" data-settings=\"{&quot;_animation&quot;:&quot;fadeInLeft&quot;}\" data-widget_type=\"heading.default\">\n\t\t\t\t<div class=\"elementor-widget-container\">\n\t\t\t\t\t<h2 class=\"elementor-heading-title elementor-size-default\">\n<\/h2>\t\t\t\t<\/div>\n\t\t\t\t<\/div>\n\t\t\t\t\t<\/div>\n\t\t<\/div>\n\t\t\t\t\t<\/div>\n\t\t<\/section>\n\t\t\t\t<section class=\"elementor-section elementor-top-section elementor-element elementor-element-328f8b0 elementor-section-boxed elementor-section-height-default elementor-section-height-default exad-glass-effect-no exad-sticky-section-no\" data-id=\"328f8b0\" data-element_type=\"section\" data-e-type=\"section\">\n\t\t\t\t\t\t<div class=\"elementor-container elementor-column-gap-default\">\n\t\t\t\t\t<div class=\"elementor-column elementor-col-100 elementor-top-column elementor-element elementor-element-1147f0e exad-glass-effect-no exad-sticky-section-no\" data-id=\"1147f0e\" data-element_type=\"column\" data-e-type=\"column\">\n\t\t\t<div class=\"elementor-widget-wrap elementor-element-populated\">\n\t\t\t\t\t\t<div class=\"elementor-element elementor-element-b14d02c exad-sticky-section-no exad-glass-effect-no elementor-widget elementor-widget-image-gallery\" data-id=\"b14d02c\" data-element_type=\"widget\" data-e-type=\"widget\" data-widget_type=\"image-gallery.default\">\n\t\t\t\t<div class=\"elementor-widget-container\">\n\t\t\t\t\t\t\t<div class=\"elementor-image-gallery\">\n\t\t\t<div id='gallery-1' class='gallery galleryid-14170 gallery-columns-3 gallery-size-a13_navigation_image_size'><figure class='gallery-item'>\n\t\t\t<div class='gallery-icon landscape'>\n\t\t\t\t<a data-elementor-open-lightbox=\"yes\" data-elementor-lightbox-slideshow=\"b14d02c\" data-elementor-lightbox-title=\"suhsi 3jpg\" data-e-action-hash=\"#elementor-action%3Aaction%3Dlightbox%26settings%3DeyJpZCI6MTQxNzMsInVybCI6Imh0dHBzOlwvXC95YWNodGFuZHN1bnNldC5jb21cL3dwLWNvbnRlbnRcL3VwbG9hZHNcLzIwMjJcLzEyXC9zdWhzaS0zanBnLmpwZyIsInNsaWRlc2hvdyI6ImIxNGQwMmMifQ%3D%3D\" href='https:\/\/yachtandsunset.com\/wp-content\/uploads\/2022\/12\/suhsi-3jpg.jpg'><img decoding=\"async\" width=\"245\" height=\"100\" src=\"https:\/\/yachtandsunset.com\/wp-content\/uploads\/2022\/12\/suhsi-3jpg-245x100.jpg\" class=\"attachment-a13_navigation_image_size size-a13_navigation_image_size\" alt=\"\" \/><\/a>\n\t\t\t<\/div><\/figure><figure class='gallery-item'>\n\t\t\t<div class='gallery-icon landscape'>\n\t\t\t\t<a data-elementor-open-lightbox=\"yes\" data-elementor-lightbox-slideshow=\"b14d02c\" data-elementor-lightbox-title=\"suhsis &#039;\" data-e-action-hash=\"#elementor-action%3Aaction%3Dlightbox%26settings%3DeyJpZCI6MTQxNzQsInVybCI6Imh0dHBzOlwvXC95YWNodGFuZHN1bnNldC5jb21cL3dwLWNvbnRlbnRcL3VwbG9hZHNcLzIwMjJcLzEyXC9zdWhzaXMtLmpwZyIsInNsaWRlc2hvdyI6ImIxNGQwMmMifQ%3D%3D\" href='https:\/\/yachtandsunset.com\/wp-content\/uploads\/2022\/12\/suhsis-.jpg'><img decoding=\"async\" width=\"245\" height=\"100\" src=\"https:\/\/yachtandsunset.com\/wp-content\/uploads\/2022\/12\/suhsis--245x100.jpg\" class=\"attachment-a13_navigation_image_size size-a13_navigation_image_size\" alt=\"\" \/><\/a>\n\t\t\t<\/div><\/figure><figure class='gallery-item'>\n\t\t\t<div class='gallery-icon landscape'>\n\t\t\t\t<a data-elementor-open-lightbox=\"yes\" data-elementor-lightbox-slideshow=\"b14d02c\" data-elementor-lightbox-title=\"suhsis 2\" data-e-action-hash=\"#elementor-action%3Aaction%3Dlightbox%26settings%3DeyJpZCI6MTQxNzUsInVybCI6Imh0dHBzOlwvXC95YWNodGFuZHN1bnNldC5jb21cL3dwLWNvbnRlbnRcL3VwbG9hZHNcLzIwMjJcLzEyXC9zdWhzaXMtMi5qcGciLCJzbGlkZXNob3ciOiJiMTRkMDJjIn0%3D\" href='https:\/\/yachtandsunset.com\/wp-content\/uploads\/2022\/12\/suhsis-2.jpg'><img decoding=\"async\" width=\"245\" height=\"100\" src=\"https:\/\/yachtandsunset.com\/wp-content\/uploads\/2022\/12\/suhsis-2-245x100.jpg\" class=\"attachment-a13_navigation_image_size size-a13_navigation_image_size\" alt=\"\" \/><\/a>\n\t\t\t<\/div><\/figure><figure class='gallery-item'>\n\t\t\t<div class='gallery-icon landscape'>\n\t\t\t\t<a data-elementor-open-lightbox=\"yes\" data-elementor-lightbox-slideshow=\"b14d02c\" data-elementor-lightbox-title=\"sushi 1\" data-e-action-hash=\"#elementor-action%3Aaction%3Dlightbox%26settings%3DeyJpZCI6MTQxNzYsInVybCI6Imh0dHBzOlwvXC95YWNodGFuZHN1bnNldC5jb21cL3dwLWNvbnRlbnRcL3VwbG9hZHNcLzIwMjJcLzEyXC9zdXNoaS0xLXNjYWxlZC5qcGciLCJzbGlkZXNob3ciOiJiMTRkMDJjIn0%3D\" href='https:\/\/yachtandsunset.com\/wp-content\/uploads\/2022\/12\/sushi-1-scaled.jpg'><img loading=\"lazy\" decoding=\"async\" width=\"245\" height=\"100\" src=\"https:\/\/yachtandsunset.com\/wp-content\/uploads\/2022\/12\/sushi-1-245x100.jpg\" class=\"attachment-a13_navigation_image_size size-a13_navigation_image_size\" alt=\"\" \/><\/a>\n\t\t\t<\/div><\/figure><figure class='gallery-item'>\n\t\t\t<div class='gallery-icon landscape'>\n\t\t\t\t<a data-elementor-open-lightbox=\"yes\" data-elementor-lightbox-slideshow=\"b14d02c\" data-elementor-lightbox-title=\"sushsis 6\" data-e-action-hash=\"#elementor-action%3Aaction%3Dlightbox%26settings%3DeyJpZCI6MTQxNzcsInVybCI6Imh0dHBzOlwvXC95YWNodGFuZHN1bnNldC5jb21cL3dwLWNvbnRlbnRcL3VwbG9hZHNcLzIwMjJcLzEyXC9zdXNoc2lzLTYuanBnIiwic2xpZGVzaG93IjoiYjE0ZDAyYyJ9\" href='https:\/\/yachtandsunset.com\/wp-content\/uploads\/2022\/12\/sushsis-6.jpg'><img loading=\"lazy\" decoding=\"async\" width=\"245\" height=\"100\" src=\"https:\/\/yachtandsunset.com\/wp-content\/uploads\/2022\/12\/sushsis-6-245x100.jpg\" class=\"attachment-a13_navigation_image_size size-a13_navigation_image_size\" alt=\"\" \/><\/a>\n\t\t\t<\/div><\/figure><figure class='gallery-item'>\n\t\t\t<div class='gallery-icon landscape'>\n\t\t\t\t<a data-elementor-open-lightbox=\"yes\" data-elementor-lightbox-slideshow=\"b14d02c\" data-elementor-lightbox-title=\"sushsis 7\" data-e-action-hash=\"#elementor-action%3Aaction%3Dlightbox%26settings%3DeyJpZCI6MTQxNzgsInVybCI6Imh0dHBzOlwvXC95YWNodGFuZHN1bnNldC5jb21cL3dwLWNvbnRlbnRcL3VwbG9hZHNcLzIwMjJcLzEyXC9zdXNoc2lzLTcuanBnIiwic2xpZGVzaG93IjoiYjE0ZDAyYyJ9\" href='https:\/\/yachtandsunset.com\/wp-content\/uploads\/2022\/12\/sushsis-7.jpg'><img loading=\"lazy\" decoding=\"async\" width=\"245\" height=\"100\" src=\"https:\/\/yachtandsunset.com\/wp-content\/uploads\/2022\/12\/sushsis-7-245x100.jpg\" class=\"attachment-a13_navigation_image_size size-a13_navigation_image_size\" alt=\"\" \/><\/a>\n\t\t\t<\/div><\/figure>\n\t\t<\/div>\n\t\t<\/div>\n\t\t\t\t\t\t<\/div>\n\t\t\t\t<\/div>\n\t\t\t\t\t<\/div>\n\t\t<\/div>\n\t\t\t\t\t<\/div>\n\t\t<\/section>\n\t\t\t\t<section class=\"elementor-section elementor-top-section elementor-element elementor-element-77354595 elementor-section-boxed elementor-section-height-default elementor-section-height-default exad-glass-effect-no exad-sticky-section-no\" data-id=\"77354595\" data-element_type=\"section\" data-e-type=\"section\">\n\t\t\t\t\t\t<div class=\"elementor-container elementor-column-gap-default\">\n\t\t\t\t\t<div class=\"elementor-column elementor-col-100 elementor-top-column elementor-element elementor-element-27555a0f exad-glass-effect-no exad-sticky-section-no\" data-id=\"27555a0f\" data-element_type=\"column\" data-e-type=\"column\" data-settings=\"{&quot;background_background&quot;:&quot;classic&quot;}\">\n\t\t\t<div class=\"elementor-widget-wrap elementor-element-populated\">\n\t\t\t\t\t<div class=\"elementor-background-overlay\"><\/div>\n\t\t\t\t\t\t<section class=\"elementor-section elementor-inner-section elementor-element elementor-element-5fd9426f elementor-section-boxed elementor-section-height-default elementor-section-height-default exad-glass-effect-no exad-sticky-section-no\" data-id=\"5fd9426f\" data-element_type=\"section\" data-e-type=\"section\">\n\t\t\t\t\t\t<div class=\"elementor-container elementor-column-gap-default\">\n\t\t\t\t\t<div class=\"elementor-column elementor-col-66 elementor-inner-column elementor-element elementor-element-6f7df540 exad-glass-effect-no exad-sticky-section-no\" data-id=\"6f7df540\" data-element_type=\"column\" data-e-type=\"column\">\n\t\t\t<div class=\"elementor-widget-wrap elementor-element-populated\">\n\t\t\t\t\t\t<div class=\"elementor-element elementor-element-16acfba9 exad-sticky-section-no exad-glass-effect-no elementor-widget elementor-widget-heading\" data-id=\"16acfba9\" data-element_type=\"widget\" data-e-type=\"widget\" data-widget_type=\"heading.default\">\n\t\t\t\t<div class=\"elementor-widget-container\">\n\t\t\t\t\t<h2 class=\"elementor-heading-title elementor-size-default\">DO YOU HAVE A SPECIAL REQUEST?<\/h2>\t\t\t\t<\/div>\n\t\t\t\t<\/div>\n\t\t\t\t<div class=\"elementor-element elementor-element-4b9326d9 exad-sticky-section-no exad-glass-effect-no elementor-widget elementor-widget-text-editor\" data-id=\"4b9326d9\" data-element_type=\"widget\" data-e-type=\"widget\" data-widget_type=\"text-editor.default\">\n\t\t\t\t<div class=\"elementor-widget-container\">\n\t\t\t\t\t\t\t\t\t<p>With yacht and Sunset the only limit is your imagination. All you have to do is give us 48 hours' notice. Our team of professionals is here to help you make your cruise unforgettable.\u00a0 \u00a0<\/p>\t\t\t\t\t\t\t\t<\/div>\n\t\t\t\t<\/div>\n\t\t\t\t\t<\/div>\n\t\t<\/div>\n\t\t\t\t<div class=\"elementor-column elementor-col-33 elementor-inner-column elementor-element elementor-element-11e9635f exad-glass-effect-no exad-sticky-section-no\" data-id=\"11e9635f\" data-element_type=\"column\" data-e-type=\"column\">\n\t\t\t<div class=\"elementor-widget-wrap elementor-element-populated\">\n\t\t\t\t\t\t<div class=\"elementor-element elementor-element-4cf23e2e elementor-widget__width-auto elementor-mobile-align-justify elementor-widget-mobile__width-inherit exad-sticky-section-no exad-glass-effect-no elementor-widget elementor-widget-button\" data-id=\"4cf23e2e\" data-element_type=\"widget\" data-e-type=\"widget\" data-widget_type=\"button.default\">\n\t\t\t\t<div class=\"elementor-widget-container\">\n\t\t\t\t\t\t\t\t\t<div class=\"elementor-button-wrapper\">\n\t\t\t\t\t<a class=\"elementor-button elementor-button-link elementor-size-md\" href=\"#\">\n\t\t\t\t\t\t<span class=\"elementor-button-content-wrapper\">\n\t\t\t\t\t\t\t\t\t<span class=\"elementor-button-text\">Contact us<\/span>\n\t\t\t\t\t<\/span>\n\t\t\t\t\t<\/a>\n\t\t\t\t<\/div>\n\t\t\t\t\t\t\t\t<\/div>\n\t\t\t\t<\/div>\n\t\t\t\t\t<\/div>\n\t\t<\/div>\n\t\t\t\t\t<\/div>\n\t\t<\/section>\n\t\t\t\t\t<\/div>\n\t\t<\/div>\n\t\t\t\t\t<\/div>\n\t\t<\/section>\n\t\t\t\t<section class=\"elementor-section elementor-top-section elementor-element elementor-element-a635c7f elementor-section-boxed elementor-section-height-default elementor-section-height-default exad-glass-effect-no exad-sticky-section-no\" data-id=\"a635c7f\" data-element_type=\"section\" data-e-type=\"section\">\n\t\t\t\t\t\t<div class=\"elementor-container elementor-column-gap-default\">\n\t\t\t\t\t<div class=\"elementor-column elementor-col-100 elementor-top-column elementor-element elementor-element-c30e820 exad-glass-effect-no exad-sticky-section-no\" data-id=\"c30e820\" data-element_type=\"column\" data-e-type=\"column\">\n\t\t\t<div class=\"elementor-widget-wrap elementor-element-populated\">\n\t\t\t\t\t\t<div class=\"elementor-element elementor-element-fcaf0b9 exad-sticky-section-no exad-glass-effect-no elementor-widget elementor-widget-spacer\" data-id=\"fcaf0b9\" data-element_type=\"widget\" data-e-type=\"widget\" data-widget_type=\"spacer.default\">\n\t\t\t\t<div class=\"elementor-widget-container\">\n\t\t\t\t\t\t\t<div class=\"elementor-spacer\">\n\t\t\t<div class=\"elementor-spacer-inner\"><\/div>\n\t\t<\/div>\n\t\t\t\t\t\t<\/div>\n\t\t\t\t<\/div>\n\t\t\t\t\t<\/div>\n\t\t<\/div>\n\t\t\t\t\t<\/div>\n\t\t<\/section>\n\t\t\t\t<\/div>","protected":false},"excerpt":{"rendered":"<p>MENU 2 - SUSHI at 35 euros Book now...<\/p>\n<p> <a class=\"more-link\" href=\"https:\/\/yachtandsunset.com\/en\/menu-sushi\/\">Read more<\/a><\/p>","protected":false},"author":1,"featured_media":0,"parent":0,"menu_order":0,"comment_status":"closed","ping_status":"closed","template":"","meta":{"footnotes":""},"class_list":["post-14170","page","type-page","status-publish"],"yoast_head":"<!-- This site is optimized with the Yoast SEO plugin v27.4 - https:\/\/yoast.com\/product\/yoast-seo-wordpress\/ -->\n<title>Menu sushi - Yacht &amp; Sunset<\/title>\n<meta name=\"robots\" content=\"index, follow, max-snippet:-1, max-image-preview:large, max-video-preview:-1\" \/>\n<link rel=\"canonical\" href=\"https:\/\/yachtandsunset.com\/en\/menu-sushi\/\" \/>\n<meta property=\"og:locale\" content=\"en_GB\" \/>\n<meta property=\"og:type\" content=\"article\" \/>\n<meta property=\"og:title\" content=\"Menu sushi - Yacht &amp; Sunset\" \/>\n<meta property=\"og:description\" content=\"MENU 2 &#8211; SUSHI \u00e0 35 euros R\u00e9servez d\u00e8s maintenant&hellip;  Read more\" \/>\n<meta property=\"og:url\" content=\"https:\/\/yachtandsunset.com\/en\/menu-sushi\/\" \/>\n<meta property=\"og:site_name\" content=\"Yacht &amp; Sunset\" \/>\n<meta property=\"article:modified_time\" content=\"2023-03-07T21:47:21+00:00\" \/>\n<meta property=\"og:image\" content=\"https:\/\/yachtandsunset.com\/wp-content\/uploads\/2022\/12\/suhsi-3jpg-245x100.jpg\" \/>\n<meta name=\"twitter:card\" content=\"summary_large_image\" \/>\n<meta name=\"twitter:label1\" content=\"Estimated reading time\" \/>\n\t<meta name=\"twitter:data1\" content=\"2 minutes\" \/>\n<script type=\"application\/ld+json\" class=\"yoast-schema-graph\">{\"@context\":\"https:\\\/\\\/schema.org\",\"@graph\":[{\"@type\":\"WebPage\",\"@id\":\"https:\\\/\\\/yachtandsunset.com\\\/menu-sushi\\\/\",\"url\":\"https:\\\/\\\/yachtandsunset.com\\\/menu-sushi\\\/\",\"name\":\"Menu sushi - Yacht &amp; Sunset\",\"isPartOf\":{\"@id\":\"https:\\\/\\\/yachtandsunset.com\\\/#website\"},\"primaryImageOfPage\":{\"@id\":\"https:\\\/\\\/yachtandsunset.com\\\/menu-sushi\\\/#primaryimage\"},\"image\":{\"@id\":\"https:\\\/\\\/yachtandsunset.com\\\/menu-sushi\\\/#primaryimage\"},\"thumbnailUrl\":\"https:\\\/\\\/yachtandsunset.com\\\/wp-content\\\/uploads\\\/2022\\\/12\\\/suhsi-3jpg-245x100.jpg\",\"datePublished\":\"2022-12-25T19:02:17+00:00\",\"dateModified\":\"2023-03-07T21:47:21+00:00\",\"breadcrumb\":{\"@id\":\"https:\\\/\\\/yachtandsunset.com\\\/menu-sushi\\\/#breadcrumb\"},\"inLanguage\":\"en-GB\",\"potentialAction\":[{\"@type\":\"ReadAction\",\"target\":[\"https:\\\/\\\/yachtandsunset.com\\\/menu-sushi\\\/\"]}]},{\"@type\":\"ImageObject\",\"inLanguage\":\"en-GB\",\"@id\":\"https:\\\/\\\/yachtandsunset.com\\\/menu-sushi\\\/#primaryimage\",\"url\":\"https:\\\/\\\/yachtandsunset.com\\\/wp-content\\\/uploads\\\/2022\\\/12\\\/suhsi-3jpg-245x100.jpg\",\"contentUrl\":\"https:\\\/\\\/yachtandsunset.com\\\/wp-content\\\/uploads\\\/2022\\\/12\\\/suhsi-3jpg-245x100.jpg\"},{\"@type\":\"BreadcrumbList\",\"@id\":\"https:\\\/\\\/yachtandsunset.com\\\/menu-sushi\\\/#breadcrumb\",\"itemListElement\":[{\"@type\":\"ListItem\",\"position\":1,\"name\":\"Accueil\",\"item\":\"https:\\\/\\\/yachtandsunset.com\\\/\"},{\"@type\":\"ListItem\",\"position\":2,\"name\":\"Menu sushi\"}]},{\"@type\":\"WebSite\",\"@id\":\"https:\\\/\\\/yachtandsunset.com\\\/#website\",\"url\":\"https:\\\/\\\/yachtandsunset.com\\\/\",\"name\":\"Yacht and Sunset\",\"description\":\"Embarquez \u00e0 bord !\",\"publisher\":{\"@id\":\"https:\\\/\\\/yachtandsunset.com\\\/#organization\"},\"potentialAction\":[{\"@type\":\"SearchAction\",\"target\":{\"@type\":\"EntryPoint\",\"urlTemplate\":\"https:\\\/\\\/yachtandsunset.com\\\/?s={search_term_string}\"},\"query-input\":{\"@type\":\"PropertyValueSpecification\",\"valueRequired\":true,\"valueName\":\"search_term_string\"}}],\"inLanguage\":\"en-GB\"},{\"@type\":\"Organization\",\"@id\":\"https:\\\/\\\/yachtandsunset.com\\\/#organization\",\"name\":\"Yacht and Sunset\",\"url\":\"https:\\\/\\\/yachtandsunset.com\\\/\",\"logo\":{\"@type\":\"ImageObject\",\"inLanguage\":\"en-GB\",\"@id\":\"https:\\\/\\\/yachtandsunset.com\\\/#\\\/schema\\\/logo\\\/image\\\/\",\"url\":\"https:\\\/\\\/yachtandsunset.com\\\/wp-content\\\/uploads\\\/2025\\\/01\\\/PXL_20240529_1754109792-scaled.jpg\",\"contentUrl\":\"https:\\\/\\\/yachtandsunset.com\\\/wp-content\\\/uploads\\\/2025\\\/01\\\/PXL_20240529_1754109792-scaled.jpg\",\"width\":2560,\"height\":1883,\"caption\":\"Yacht and Sunset\"},\"image\":{\"@id\":\"https:\\\/\\\/yachtandsunset.com\\\/#\\\/schema\\\/logo\\\/image\\\/\"},\"sameAs\":[\"https:\\\/\\\/www.instagram.com\\\/yachtandsunset?utm_source=ig_web_button_share_sheet&igsh=ZDNlZDc0MzIxNw==\"]}]}<\/script>\n<!-- \/ Yoast SEO plugin. -->","yoast_head_json":{"title":"Menu sushi - Yacht &amp; Sunset","robots":{"index":"index","follow":"follow","max-snippet":"max-snippet:-1","max-image-preview":"max-image-preview:large","max-video-preview":"max-video-preview:-1"},"canonical":"https:\/\/yachtandsunset.com\/en\/menu-sushi\/","og_locale":"en_GB","og_type":"article","og_title":"Menu sushi - Yacht &amp; Sunset","og_description":"MENU 2 &#8211; SUSHI \u00e0 35 euros R\u00e9servez d\u00e8s maintenant&hellip;  Read more","og_url":"https:\/\/yachtandsunset.com\/en\/menu-sushi\/","og_site_name":"Yacht &amp; Sunset","article_modified_time":"2023-03-07T21:47:21+00:00","og_image":[{"url":"https:\/\/yachtandsunset.com\/wp-content\/uploads\/2022\/12\/suhsi-3jpg-245x100.jpg","type":"","width":"","height":""}],"twitter_card":"summary_large_image","twitter_misc":{"Estimated reading time":"2 minutes"},"schema":{"@context":"https:\/\/schema.org","@graph":[{"@type":"WebPage","@id":"https:\/\/yachtandsunset.com\/menu-sushi\/","url":"https:\/\/yachtandsunset.com\/menu-sushi\/","name":"Menu sushi - Yacht &amp; Sunset","isPartOf":{"@id":"https:\/\/yachtandsunset.com\/#website"},"primaryImageOfPage":{"@id":"https:\/\/yachtandsunset.com\/menu-sushi\/#primaryimage"},"image":{"@id":"https:\/\/yachtandsunset.com\/menu-sushi\/#primaryimage"},"thumbnailUrl":"https:\/\/yachtandsunset.com\/wp-content\/uploads\/2022\/12\/suhsi-3jpg-245x100.jpg","datePublished":"2022-12-25T19:02:17+00:00","dateModified":"2023-03-07T21:47:21+00:00","breadcrumb":{"@id":"https:\/\/yachtandsunset.com\/menu-sushi\/#breadcrumb"},"inLanguage":"en-GB","potentialAction":[{"@type":"ReadAction","target":["https:\/\/yachtandsunset.com\/menu-sushi\/"]}]},{"@type":"ImageObject","inLanguage":"en-GB","@id":"https:\/\/yachtandsunset.com\/menu-sushi\/#primaryimage","url":"https:\/\/yachtandsunset.com\/wp-content\/uploads\/2022\/12\/suhsi-3jpg-245x100.jpg","contentUrl":"https:\/\/yachtandsunset.com\/wp-content\/uploads\/2022\/12\/suhsi-3jpg-245x100.jpg"},{"@type":"BreadcrumbList","@id":"https:\/\/yachtandsunset.com\/menu-sushi\/#breadcrumb","itemListElement":[{"@type":"ListItem","position":1,"name":"Accueil","item":"https:\/\/yachtandsunset.com\/"},{"@type":"ListItem","position":2,"name":"Menu sushi"}]},{"@type":"WebSite","@id":"https:\/\/yachtandsunset.com\/#website","url":"https:\/\/yachtandsunset.com\/","name":"Yacht and Sunset","description":"Come on board!","publisher":{"@id":"https:\/\/yachtandsunset.com\/#organization"},"potentialAction":[{"@type":"SearchAction","target":{"@type":"EntryPoint","urlTemplate":"https:\/\/yachtandsunset.com\/?s={search_term_string}"},"query-input":{"@type":"PropertyValueSpecification","valueRequired":true,"valueName":"search_term_string"}}],"inLanguage":"en-GB"},{"@type":"Organization","@id":"https:\/\/yachtandsunset.com\/#organization","name":"Yacht and Sunset","url":"https:\/\/yachtandsunset.com\/","logo":{"@type":"ImageObject","inLanguage":"en-GB","@id":"https:\/\/yachtandsunset.com\/#\/schema\/logo\/image\/","url":"https:\/\/yachtandsunset.com\/wp-content\/uploads\/2025\/01\/PXL_20240529_1754109792-scaled.jpg","contentUrl":"https:\/\/yachtandsunset.com\/wp-content\/uploads\/2025\/01\/PXL_20240529_1754109792-scaled.jpg","width":2560,"height":1883,"caption":"Yacht and Sunset"},"image":{"@id":"https:\/\/yachtandsunset.com\/#\/schema\/logo\/image\/"},"sameAs":["https:\/\/www.instagram.com\/yachtandsunset?utm_source=ig_web_button_share_sheet&igsh=ZDNlZDc0MzIxNw=="]}]}},"_links":{"self":[{"href":"https:\/\/yachtandsunset.com\/en\/wp-json\/wp\/v2\/pages\/14170","targetHints":{"allow":["GET"]}}],"collection":[{"href":"https:\/\/yachtandsunset.com\/en\/wp-json\/wp\/v2\/pages"}],"about":[{"href":"https:\/\/yachtandsunset.com\/en\/wp-json\/wp\/v2\/types\/page"}],"author":[{"embeddable":true,"href":"https:\/\/yachtandsunset.com\/en\/wp-json\/wp\/v2\/users\/1"}],"replies":[{"embeddable":true,"href":"https:\/\/yachtandsunset.com\/en\/wp-json\/wp\/v2\/comments?post=14170"}],"version-history":[{"count":13,"href":"https:\/\/yachtandsunset.com\/en\/wp-json\/wp\/v2\/pages\/14170\/revisions"}],"predecessor-version":[{"id":14369,"href":"https:\/\/yachtandsunset.com\/en\/wp-json\/wp\/v2\/pages\/14170\/revisions\/14369"}],"wp:attachment":[{"href":"https:\/\/yachtandsunset.com\/en\/wp-json\/wp\/v2\/media?parent=14170"}],"curies":[{"name":"wp","href":"https:\/\/api.w.org\/{rel}","templated":true}]}}